{"id":1187,"date":"2022-02-14T13:25:06","date_gmt":"2022-02-14T13:25:06","guid":{"rendered":"http:\/\/www.t4f.fi\/?page_id=1187"},"modified":"2023-12-18T19:43:39","modified_gmt":"2023-12-18T19:43:39","slug":"tietoa-meista","status":"publish","type":"page","link":"https:\/\/www.t4f.fi\/en\/tietoa-meista\/","title":{"rendered":"ABOUT US"},"content":{"rendered":"<div data-elementor-type=\"wp-post\" data-elementor-id=\"1187\" class=\"elementor elementor-1187\">\n\t\t\t\t\t\t\t\t\t<section class=\"elementor-section elementor-top-section elementor-element elementor-element-41df086 elementor-section-height-min-height elementor-section-stretched elementor-section-items-top elementor-section-boxed elementor-section-height-default\" data-id=\"41df086\" data-element_type=\"section\" data-settings=\"{&quot;background_background&quot;:&quot;video&quot;,&quot;background_video_link&quot;:&quot;https:\\\/\\\/www.youtube.com\\\/watch?v=ibyOftMNis4&quot;,&quot;stretch_section&quot;:&quot;section-stretched&quot;}\">\n\t\t\t\t\t\t\t\t<div class=\"elementor-background-video-container elementor-hidden-phone\">\n\t\t\t\t\t\t\t\t\t\t\t\t\t<div class=\"elementor-background-video-embed\"><\/div>\n\t\t\t\t\t\t\t\t\t\t\t\t<\/div>\n\t\t\t\t\t\t\t\t\t<div class=\"elementor-background-overlay\"><\/div>\n\t\t\t\t\t\t\t<div class=\"elementor-container elementor-column-gap-default\">\n\t\t\t\t\t<div class=\"elementor-column elementor-col-100 elementor-top-column elementor-element elementor-element-fb35e86\" data-id=\"fb35e86\" data-element_type=\"column\">\n\t\t\t<div class=\"elementor-widget-wrap elementor-element-populated\">\n\t\t\t\t\t\t\t\t<div class=\"elementor-element elementor-element-eb9f0aa elementor-widget-divider--view-line elementor-widget elementor-widget-divider\" data-id=\"eb9f0aa\" data-element_type=\"widget\" data-widget_type=\"divider.default\">\n\t\t\t\t<div class=\"elementor-widget-container\">\n\t\t\t<style>\/*! elementor - v3.7.3 - 29-08-2022 *\/\n.elementor-widget-divider{--divider-border-style:none;--divider-border-width:1px;--divider-color:#2c2c2c;--divider-icon-size:20px;--divider-element-spacing:10px;--divider-pattern-height:24px;--divider-pattern-size:20px;--divider-pattern-url:none;--divider-pattern-repeat:repeat-x}.elementor-widget-divider .elementor-divider{display:-webkit-box;display:-ms-flexbox;display:flex}.elementor-widget-divider .elementor-divider__text{font-size:15px;line-height:1;max-width:95%}.elementor-widget-divider .elementor-divider__element{margin:0 var(--divider-element-spacing);-ms-flex-negative:0;flex-shrink:0}.elementor-widget-divider .elementor-icon{font-size:var(--divider-icon-size)}.elementor-widget-divider .elementor-divider-separator{display:-webkit-box;display:-ms-flexbox;display:flex;margin:0;direction:ltr}.elementor-widget-divider--view-line_icon .elementor-divider-separator,.elementor-widget-divider--view-line_text .elementor-divider-separator{-webkit-box-align:center;-ms-flex-align:center;align-items:center}.elementor-widget-divider--view-line_icon .elementor-divider-separator:after,.elementor-widget-divider--view-line_icon .elementor-divider-separator:before,.elementor-widget-divider--view-line_text .elementor-divider-separator:after,.elementor-widget-divider--view-line_text .elementor-divider-separator:before{display:block;content:\"\";border-bottom:0;-webkit-box-flex:1;-ms-flex-positive:1;flex-grow:1;border-top:var(--divider-border-width) var(--divider-border-style) var(--divider-color)}.elementor-widget-divider--element-align-left .elementor-divider .elementor-divider-separator>.elementor-divider__svg:first-of-type{-webkit-box-flex:0;-ms-flex-positive:0;flex-grow:0;-ms-flex-negative:100;flex-shrink:100}.elementor-widget-divider--element-align-left .elementor-divider-separator:before{content:none}.elementor-widget-divider--element-align-left .elementor-divider__element{margin-left:0}.elementor-widget-divider--element-align-right .elementor-divider .elementor-divider-separator>.elementor-divider__svg:last-of-type{-webkit-box-flex:0;-ms-flex-positive:0;flex-grow:0;-ms-flex-negative:100;flex-shrink:100}.elementor-widget-divider--element-align-right .elementor-divider-separator:after{content:none}.elementor-widget-divider--element-align-right .elementor-divider__element{margin-right:0}.elementor-widget-divider:not(.elementor-widget-divider--view-line_text):not(.elementor-widget-divider--view-line_icon) .elementor-divider-separator{border-top:var(--divider-border-width) var(--divider-border-style) var(--divider-color)}.elementor-widget-divider--separator-type-pattern{--divider-border-style:none}.elementor-widget-divider--separator-type-pattern.elementor-widget-divider--view-line .elementor-divider-separator,.elementor-widget-divider--separator-type-pattern:not(.elementor-widget-divider--view-line) .elementor-divider-separator:after,.elementor-widget-divider--separator-type-pattern:not(.elementor-widget-divider--view-line) .elementor-divider-separator:before,.elementor-widget-divider--separator-type-pattern:not([class*=elementor-widget-divider--view]) .elementor-divider-separator{width:100%;min-height:var(--divider-pattern-height);-webkit-mask-size:var(--divider-pattern-size) 100%;mask-size:var(--divider-pattern-size) 100%;-webkit-mask-repeat:var(--divider-pattern-repeat);mask-repeat:var(--divider-pattern-repeat);background-color:var(--divider-color);-webkit-mask-image:var(--divider-pattern-url);mask-image:var(--divider-pattern-url)}.elementor-widget-divider--no-spacing{--divider-pattern-size:auto}.elementor-widget-divider--bg-round{--divider-pattern-repeat:round}.rtl .elementor-widget-divider .elementor-divider__text{direction:rtl}.e-container>.elementor-widget-divider{width:var(--container-widget-width,100%);--flex-grow:var(--container-widget-flex-grow,0)}<\/style>\t\t<div class=\"elementor-divider\">\n\t\t\t<span class=\"elementor-divider-separator\">\n\t\t\t\t\t\t<\/span>\n\t\t<\/div>\n\t\t\t\t<\/div>\n\t\t\t\t<\/div>\n\t\t\t\t<div class=\"elementor-element elementor-element-fcd0a3d elementor-widget elementor-widget-heading\" data-id=\"fcd0a3d\" data-element_type=\"widget\" data-widget_type=\"heading.default\">\n\t\t\t\t<div class=\"elementor-widget-container\">\n\t\t\t<style>\/*! elementor - v3.7.3 - 29-08-2022 *\/\n.elementor-heading-title{padding:0;margin:0;line-height:1}.elementor-widget-heading .elementor-heading-title[class*=elementor-size-]>a{color:inherit;font-size:inherit;line-height:inherit}.elementor-widget-heading .elementor-heading-title.elementor-size-small{font-size:15px}.elementor-widget-heading .elementor-heading-title.elementor-size-medium{font-size:19px}.elementor-widget-heading .elementor-heading-title.elementor-size-large{font-size:29px}.elementor-widget-heading .elementor-heading-title.elementor-size-xl{font-size:39px}.elementor-widget-heading .elementor-heading-title.elementor-size-xxl{font-size:59px}<\/style><h2 class=\"elementor-heading-title elementor-size-default\">ABOUT US<\/h2>\t\t<\/div>\n\t\t\t\t<\/div>\n\t\t\t\t<section class=\"elementor-section elementor-inner-section elementor-element elementor-element-4b1eb0b elementor-section-content-middle elementor-section-boxed elementor-section-height-default elementor-section-height-default\" data-id=\"4b1eb0b\" data-element_type=\"section\">\n\t\t\t\t\t\t<div class=\"elementor-container elementor-column-gap-no\">\n\t\t\t\t\t<div class=\"elementor-column elementor-col-50 elementor-inner-column elementor-element elementor-element-d214e0c\" data-id=\"d214e0c\" data-element_type=\"column\">\n\t\t\t<div class=\"elementor-widget-wrap elementor-element-populated\">\n\t\t\t\t\t\t\t\t<div class=\"elementor-element elementor-element-a5568a7 elementor-widget-divider--view-line elementor-widget elementor-widget-divider\" data-id=\"a5568a7\" data-element_type=\"widget\" data-widget_type=\"divider.default\">\n\t\t\t\t<div class=\"elementor-widget-container\">\n\t\t\t\t\t<div class=\"elementor-divider\">\n\t\t\t<span class=\"elementor-divider-separator\">\n\t\t\t\t\t\t<\/span>\n\t\t<\/div>\n\t\t\t\t<\/div>\n\t\t\t\t<\/div>\n\t\t\t\t\t<\/div>\n\t\t<\/div>\n\t\t\t\t<div class=\"elementor-column elementor-col-50 elementor-inner-column elementor-element elementor-element-514bb04\" data-id=\"514bb04\" data-element_type=\"column\">\n\t\t\t<div class=\"elementor-widget-wrap elementor-element-populated\">\n\t\t\t\t\t\t\t\t<div class=\"elementor-element elementor-element-ca510a7 elementor-widget elementor-widget-heading\" data-id=\"ca510a7\" data-element_type=\"widget\" data-widget_type=\"heading.default\">\n\t\t\t\t<div class=\"elementor-widget-container\">\n\t\t\t<h6 class=\"elementor-heading-title elementor-size-default\">Ammattitaidon perusta<\/h6>\t\t<\/div>\n\t\t\t\t<\/div>\n\t\t\t\t\t<\/div>\n\t\t<\/div>\n\t\t\t\t\t\t\t<\/div>\n\t\t<\/section>\n\t\t\t\t\t<\/div>\n\t\t<\/div>\n\t\t\t\t\t\t\t<\/div>\n\t\t<\/section>\n\t\t\t\t<section class=\"elementor-section elementor-top-section elementor-element elementor-element-60b4f33 elementor-section-boxed elementor-section-height-default elementor-section-height-default\" data-id=\"60b4f33\" data-element_type=\"section\">\n\t\t\t\t\t\t<div class=\"elementor-container elementor-column-gap-default\">\n\t\t\t\t\t<div class=\"elementor-column elementor-col-100 elementor-top-column elementor-element elementor-element-7954ff7\" data-id=\"7954ff7\" data-element_type=\"column\">\n\t\t\t<div class=\"elementor-widget-wrap elementor-element-populated\">\n\t\t\t\t\t\t\t\t<div class=\"elementor-element elementor-element-4768586 elementor-widget elementor-widget-eael-adv-accordion\" data-id=\"4768586\" data-element_type=\"widget\" data-widget_type=\"eael-adv-accordion.default\">\n\t\t\t\t<div class=\"elementor-widget-container\">\n\t\t\t        <div class=\"eael-adv-accordion\" id=\"eael-adv-accordion-4768586\" data-accordion-id=\"4768586\" data-accordion-type=\"accordion\" data-toogle-speed=\"300\">\n    <div class=\"eael-accordion-list\">\n                <div id=\"viranomaisille\" class=\"elementor-tab-title eael-accordion-header\" tabindex=\"7481\" data-tab=\"1\" role=\"tab\" aria-controls=\"elementor-tab-content-7481\"><span class=\"eael-advanced-accordion-icon-closed\"><i aria-hidden=\"true\" class=\"fa-accordion-icon fas fa-plus\"><\/i><\/span><span class=\"eael-advanced-accordion-icon-opened\"><i aria-hidden=\"true\" class=\"fa-accordion-icon fas fa-minus\"><\/i><\/span><span class=\"eael-accordion-tab-title\">VIRANOMAISILLE<\/span><i aria-hidden=\"true\" class=\"fa-toggle fas fa-angle-right\"><\/i><\/div><div id=\"elementor-tab-content-7481\" class=\"eael-accordion-content clearfix\" data-tab=\"1\" role=\"tabpanel\" aria-labelledby=\"viranomaisille\"><p><p><b>Viranomaisille<\/b><span style=\"font-weight: 400;\"> tarjoamme koulutusta ja konsultaatiota taktisen toiminnan eri osa-alueiden kehitt\u00e4misess\u00e4 ja yll\u00e4pidossa. T4F Finland tuottaa koulutuspalveluita <\/span><span style=\"font-weight: 400;\">kotimaisille turvallisuusviranomaisille.<br \/><br \/><\/span><span style=\"font-weight: 400;\">Olemme luotettava kotimainen toimija, jonka kaikki kouluttajat ovat ty\u00f6skennelleet virkamiehin\u00e4 <\/span><span style=\"font-weight: 400;\">kentt\u00e4tasalla<\/span><span style=\"font-weight: 400;\"> puolustusvoimissa ja<\/span><span style=\"font-weight: 400;\"> toimineet yhdess\u00e4 ja kouluttaneet laajasti viranomaisia virkaty\u00f6ss\u00e4\u00e4n.<\/span><\/p><p>\u00a0<\/p><p><span style=\"font-weight: 400;\">Koska tilaavan organisaation k\u00e4ytt\u00f6tarkoitukset, varusteet ja koulutustaso eroavat, huomioimme n\u00e4m\u00e4 seikat koulutuksen suunnittelussa; koulutukset r\u00e4\u00e4t\u00e4l\u00f6id\u00e4\u00e4n tilaavan organisaation tarpeen, toimintaymp\u00e4rist\u00f6n ja varustuksen mukaiseksi.<\/span><\/p><p><span style=\"font-weight: 400;\">Ampumakoulutuksemme on kehitetty vastaamaan taktisen toiminnan vaatimuksia. Tarjoamme sek\u00e4 perus- ett\u00e4 jatkokoulutusta pistoolilla ja kiv\u00e4\u00e4rill\u00e4.\u00a0<\/span><\/p><p>\u00a0<\/p><p><span style=\"font-weight: 400;\">Taktisen koulutuksen r\u00e4\u00e4t\u00e4l\u00f6imme tarpeen mukaiseksi. Voimme tuottaa joko peruskoulutusta tai konsultoida olemassa olevaa tekniikkaa. Nykyisen toimintamallin kehitt\u00e4misess\u00e4 pyrimmekin tuomaan mukaan yht\u00e4l\u00f6\u00f6n T4F:n kokemukseen perustuvia keskeisia huomioita taktisen maailman lainalaisuuksista. <\/span><\/p><\/p><\/div>\n                <\/div><div class=\"eael-accordion-list\">\n                <div id=\"yrityksille\" class=\"elementor-tab-title eael-accordion-header\" tabindex=\"7482\" data-tab=\"2\" role=\"tab\" aria-controls=\"elementor-tab-content-7482\"><span class=\"eael-advanced-accordion-icon-closed\"><i aria-hidden=\"true\" class=\"fa-accordion-icon fas fa-plus\"><\/i><\/span><span class=\"eael-advanced-accordion-icon-opened\"><i aria-hidden=\"true\" class=\"fa-accordion-icon fas fa-minus\"><\/i><\/span><span class=\"eael-accordion-tab-title\">YRITYKSILLE<\/span><i aria-hidden=\"true\" class=\"fa-toggle fas fa-angle-right\"><\/i><\/div><div id=\"elementor-tab-content-7482\" class=\"eael-accordion-content clearfix\" data-tab=\"2\" role=\"tabpanel\" aria-labelledby=\"yrityksille\"><p><p><b>Yrityksille<\/b><span style=\"font-weight: 400;\"> tarjoamme tukea tuotekehityksess\u00e4 ja koulutuksessa sek\u00e4 konsultoimme toimialaamme liittyviss\u00e4 asioissa. Toimimme my\u00f6s elokuva-alalla taktisen toiminnan konsultteina. T4F:n kautta voidaan j\u00e4rjest\u00e4\u00e4 elokuvien toiminnallisiin kohtauksiin avustajia, joiden ammattilaistausta vahvistaa tuotannon toiminnallisten osioiden uskottavuutta.<\/span><\/p><p>\u00a0<\/p><p><span style=\"font-weight: 400;\">Tuotannot: Sorjonen ja muraalimurhat (2021), Helsinki-syndrooma (2021).\u00a0<\/span><\/p><p>\u00a0<\/p><p><span style=\"font-weight: 400;\">Yhteisty\u00f6kumppanit: C.P.E, Uronen Presicion ja Silent Steel.<\/span><\/p><\/p><\/div>\n                <\/div><div class=\"eael-accordion-list\">\n                <div id=\"reservilisille\" class=\"elementor-tab-title eael-accordion-header\" tabindex=\"7483\" data-tab=\"3\" role=\"tab\" aria-controls=\"elementor-tab-content-7483\"><span class=\"eael-advanced-accordion-icon-closed\"><i aria-hidden=\"true\" class=\"fa-accordion-icon fas fa-plus\"><\/i><\/span><span class=\"eael-advanced-accordion-icon-opened\"><i aria-hidden=\"true\" class=\"fa-accordion-icon fas fa-minus\"><\/i><\/span><span class=\"eael-accordion-tab-title\">RESERVIL\u00c4ISILLE<\/span><i aria-hidden=\"true\" class=\"fa-toggle fas fa-angle-right\"><\/i><\/div><div id=\"elementor-tab-content-7483\" class=\"eael-accordion-content clearfix\" data-tab=\"3\" role=\"tabpanel\" aria-labelledby=\"reservilisille\"><p><p><b>Reservil\u00e4isille<\/b><span style=\"font-weight: 400;\"> tarjoamme monipuolisia koulutuspalveluita aina luennoista, ampumakoulutuksiin sek\u00e4 taktisen toiminnan harjoitusviikkoihin. Asiakkainamme on sek\u00e4 reservil\u00e4isj\u00e4rjest\u00f6j\u00e4 ett\u00e4 yksitt\u00e4isi\u00e4 reservil\u00e4isi\u00e4.<\/span><\/p><p>\u00a0<\/p><p><span style=\"font-weight: 400;\">Yhteisty\u00f6t\u00e4 teemme mm. Laskuvarjoj\u00e4\u00e4k\u00e4rikillan, Sotilaspoliisikiltojen, Akateemisen maanpuolustusyhdistyksen ja muiden reservil\u00e4isyhdistyksien kanssa. Toimimme my\u00f6s Virossa yhteisty\u00f6ss\u00e4 Kaitseliitin kanssa.\u00a0<\/span><\/p><\/p><\/div>\n                <\/div><\/div>\n        <!-- FAQ Schema : Starts-->\n                <!-- FAQ Schema : Ends-->\n\n        \t\t<\/div>\n\t\t\t\t<\/div>\n\t\t\t\t\t<\/div>\n\t\t<\/div>\n\t\t\t\t\t\t\t<\/div>\n\t\t<\/section>\n\t\t\t\t<section class=\"elementor-section elementor-top-section elementor-element elementor-element-e9544c3 elementor-section-content-middle elementor-section-boxed elementor-section-height-default elementor-section-height-default\" data-id=\"e9544c3\" data-element_type=\"section\">\n\t\t\t\t\t\t\t<div class=\"elementor-background-overlay\"><\/div>\n\t\t\t\t\t\t\t<div class=\"elementor-container elementor-column-gap-no\">\n\t\t\t\t\t<div class=\"elementor-column elementor-col-100 elementor-top-column elementor-element elementor-element-c0356af\" data-id=\"c0356af\" data-element_type=\"column\">\n\t\t\t<div class=\"elementor-widget-wrap elementor-element-populated\">\n\t\t\t\t\t\t\t\t<div class=\"elementor-element elementor-element-d8f923c elementor-widget elementor-widget-text-editor\" data-id=\"d8f923c\" data-element_type=\"widget\" data-widget_type=\"text-editor.default\">\n\t\t\t\t<div class=\"elementor-widget-container\">\n\t\t\t<style>\/*! elementor - v3.7.3 - 29-08-2022 *\/\n.elementor-widget-text-editor.elementor-drop-cap-view-stacked .elementor-drop-cap{background-color:#818a91;color:#fff}.elementor-widget-text-editor.elementor-drop-cap-view-framed .elementor-drop-cap{color:#818a91;border:3px solid;background-color:transparent}.elementor-widget-text-editor:not(.elementor-drop-cap-view-default) .elementor-drop-cap{margin-top:8px}.elementor-widget-text-editor:not(.elementor-drop-cap-view-default) .elementor-drop-cap-letter{width:1em;height:1em}.elementor-widget-text-editor .elementor-drop-cap{float:left;text-align:center;line-height:1;font-size:50px}.elementor-widget-text-editor .elementor-drop-cap-letter{display:inline-block}<\/style>\t\t\t\t<p>T4F Finland on suomalainen yritys, joka tarjoaa viranomaisille ja reservil\u00e4isille mahdollisuuden kehitty\u00e4 taktisessa toiminnassa tiedollisesti ja taidollisesti. P\u00e4\u00e4tavoitettamme tukevana toimintana kehit\u00e4mme parempia ty\u00f6v\u00e4lineit\u00e4 ja varusteita yhteisty\u00f6ss\u00e4 suomalaisten yritysten kanssa.\u00a0<br \/><br \/>Kehittymisen mahdollistaa koulutus, joka keskittyy henkil\u00f6kohtaisten ja joukkokohtaisten taitojen kehitt\u00e4miseen. Tarjoamme oikotien oppimiseen selkeiden ja yksinkertaisten harjoitteiden ja tekniikoiden kautta. Kouluttajien erikoisjoukkotausta on mittava ja T4F:n kehitt\u00e4m\u00e4 koulutusj\u00e4rjestelm\u00e4 perustuu erikoisjoukkojen tarpeisiin luotuun malliin. Malli vastaa moniulotteisen ja dynaamisen toimintaymp\u00e4rist\u00f6n muodostamiin taktisiin haasteisiin.<\/p><div>\u00a0<\/div>\t\t\t\t\t\t<\/div>\n\t\t\t\t<\/div>\n\t\t\t\t<section class=\"elementor-section elementor-inner-section elementor-element elementor-element-cbf3288 elementor-section-content-top elementor-section-boxed elementor-section-height-default elementor-section-height-default\" data-id=\"cbf3288\" data-element_type=\"section\">\n\t\t\t\t\t\t<div class=\"elementor-container elementor-column-gap-no\">\n\t\t\t\t\t<div class=\"elementor-column elementor-col-50 elementor-inner-column elementor-element elementor-element-035cbe1\" data-id=\"035cbe1\" data-element_type=\"column\">\n\t\t\t<div class=\"elementor-widget-wrap elementor-element-populated\">\n\t\t\t\t\t\t\t\t<div class=\"elementor-element elementor-element-11d3c24 elementor-widget elementor-widget-text-editor\" data-id=\"11d3c24\" data-element_type=\"widget\" data-widget_type=\"text-editor.default\">\n\t\t\t\t<div class=\"elementor-widget-container\">\n\t\t\t\t\t\t\t<p>T4F:n ammattitaidon l\u00e4hde on urbaanin alueen taistelutoiminta, joka tuodaan alas yksil\u00f6tasolle. Konseptimme ytimess\u00e4 on SFAUC (Special Forces Advanced Urban Combat), joka sis\u00e4lt\u00e4\u00e4 CQB (close quarters battle) -taktiikat.<\/p>\n<p>Urbaanin alueen taistelutoiminnan ammattitaidon saavuttaminen vaatii pitk\u00e4\u00e4 erikoistumista ja taistelutoiminnan perusteiden vahvaa osaamista kaikissa toimintaymp\u00e4rist\u00f6iss\u00e4.&nbsp;<\/p>\t\t\t\t\t\t<\/div>\n\t\t\t\t<\/div>\n\t\t\t\t\t<\/div>\n\t\t<\/div>\n\t\t\t\t<div class=\"elementor-column elementor-col-50 elementor-inner-column elementor-element elementor-element-9cd4d8e\" data-id=\"9cd4d8e\" data-element_type=\"column\">\n\t\t\t<div class=\"elementor-widget-wrap elementor-element-populated\">\n\t\t\t\t\t\t\t\t<div class=\"elementor-element elementor-element-ccbee16 elementor-widget elementor-widget-text-editor\" data-id=\"ccbee16\" data-element_type=\"widget\" data-widget_type=\"text-editor.default\">\n\t\t\t\t<div class=\"elementor-widget-container\">\n\t\t\t\t\t\t\t<p>Yrityksemme ydinosaamisen pohjana on kymmenien vuosien yhteenlaskettu kokemus operatiivisesta erikoisjoukkotoiminnasta, sis\u00e4lt\u00e4en kahdella eri vuosikymmenell\u00e4 suoritetut lukuisat ulkomaanoperaatiot ja operatiivisen toiminnan Suomessa.<br \/><span style=\"font-style: inherit; font-weight: inherit; color: var(--ast-global-color-3);\"><br \/>Yrityksen osakkaat ovat operatiivisten teht\u00e4vien rinnalla kehitt\u00e4neet maavoimien erikoisjoukkojen toimintamalleja, henkil\u00f6st\u00f6\u00e4 ja varustusta sen nykymuotoisesta perustamisesta l\u00e4htien.<br \/><\/span><span style=\"font-style: inherit; font-weight: inherit; color: var(--ast-global-color-3);\"><br \/>Operatiivinen erikoisjoukkotoiminta ja sen kehitt\u00e4minen on antanut T4F:lle vahvan n\u00e4kemyksen kokonaisuudesta: asioita on tehty itse ja opittu virheist\u00e4.<\/span><\/p>\t\t\t\t\t\t<\/div>\n\t\t\t\t<\/div>\n\t\t\t\t\t<\/div>\n\t\t<\/div>\n\t\t\t\t\t\t\t<\/div>\n\t\t<\/section>\n\t\t\t\t\t<\/div>\n\t\t<\/div>\n\t\t\t\t\t\t\t<\/div>\n\t\t<\/section>\n\t\t\t\t\t\t\t<\/div>","protected":false},"excerpt":{"rendered":"<p>TIETOA MEIST\u00c4 Ammattitaidon perusta VIRANOMAISILLE Viranomaisille tarjoamme koulutusta ja konsultaatiota taktisen toiminnan eri osa-alueiden kehitt\u00e4misess\u00e4 ja yll\u00e4pidossa. T4F Finland tuottaa koulutuspalveluita kotimaisille turvallisuusviranomaisille. Olemme luotettava kotimainen toimija, jonka kaikki kouluttajat ovat ty\u00f6skennelleet virkamiehin\u00e4 kentt\u00e4tasalla puolustusvoimissa ja toimineet yhdess\u00e4 ja kouluttaneet laajasti viranomaisia virkaty\u00f6ss\u00e4\u00e4n. \u00a0 Koska tilaavan organisaation k\u00e4ytt\u00f6tarkoitukset, varusteet ja koulutustaso eroavat, huomioimme n\u00e4m\u00e4 seikat &hellip;<\/p>\n<p class=\"read-more\"> <a class=\"\" href=\"https:\/\/www.t4f.fi\/en\/tietoa-meista\/\"> <span class=\"screen-reader-text\">ABOUT US<\/span> Read More &raquo;<\/a><\/p>","protected":false},"author":1,"featured_media":0,"parent":0,"menu_order":0,"comment_status":"closed","ping_status":"closed","template":"","meta":{"site-sidebar-layout":"no-sidebar","site-content-layout":"page-builder","ast-global-header-display":"","ast-main-header-display":"","ast-hfb-above-header-display":"","ast-hfb-below-header-display":"","ast-hfb-mobile-header-display":"","site-post-title":"disabled","ast-breadcrumbs-content":"","ast-featured-img":"disabled","footer-sml-layout":"disabled","theme-transparent-header-meta":"enabled","adv-header-id-meta":"","stick-header-meta":"","header-above-stick-meta":"","header-main-stick-meta":"","header-below-stick-meta":""},"_links":{"self":[{"href":"https:\/\/www.t4f.fi\/en\/wp-json\/wp\/v2\/pages\/1187"}],"collection":[{"href":"https:\/\/www.t4f.fi\/en\/wp-json\/wp\/v2\/pages"}],"about":[{"href":"https:\/\/www.t4f.fi\/en\/wp-json\/wp\/v2\/types\/page"}],"author":[{"embeddable":true,"href":"https:\/\/www.t4f.fi\/en\/wp-json\/wp\/v2\/users\/1"}],"replies":[{"embeddable":true,"href":"https:\/\/www.t4f.fi\/en\/wp-json\/wp\/v2\/comments?post=1187"}],"version-history":[{"count":58,"href":"https:\/\/www.t4f.fi\/en\/wp-json\/wp\/v2\/pages\/1187\/revisions"}],"predecessor-version":[{"id":1486,"href":"https:\/\/www.t4f.fi\/en\/wp-json\/wp\/v2\/pages\/1187\/revisions\/1486"}],"wp:attachment":[{"href":"https:\/\/www.t4f.fi\/en\/wp-json\/wp\/v2\/media?parent=1187"}],"curies":[{"name":"wp","href":"https:\/\/api.w.org\/{rel}","templated":true}]}}